{"id":22572,"date":"2025-08-06T10:53:26","date_gmt":"2025-08-06T08:53:26","guid":{"rendered":"https:\/\/www.horloscaphe-watches-paris.com\/?post_type=product&#038;p=22572"},"modified":"2026-02-22T18:44:58","modified_gmt":"2026-02-22T17:44:58","slug":"montre-cadran-orange-nc003","status":"publish","type":"product","link":"https:\/\/www.horloscaphe-watches-paris.com\/fr\/produit\/montre-cadran-orange-nc003\/","title":{"rendered":"Montre NC 003 ORANGE"},"content":{"rendered":"<p>Dans la qu\u00eate perp\u00e9tuelle de la montre-outil offrant une lisibilit\u00e9 optimale, de jour comme de nuit, le choix s\u2019est port\u00e9 sur un cadran orange vif \u2014 une couleur fr\u00e9quemment utilis\u00e9e dans la signalisation et le balisage (combinaison de plong\u00e9e, gilet, bou\u00e9e).<br \/>\nIl \u00e9tait donc naturel d\u2019appliquer cette teinte au cadran, sur lequel viennent se d\u00e9tacher de grands chiffres luminescents (Swiss Super-LumiNova\u00ae C3), soulign\u00e9s d\u2019un fin contour noir.<\/p>\n<p>Garantie 2 ans et pi\u00e8ces et main d&rsquo;\u0153uvre, sauf chocs violent, chute, bris de verre ou de couronne.<\/p>\n","protected":false},"excerpt":{"rendered":"<p>Montre NC003 cadran orange couronne gauche .<\/p>\n","protected":false},"featured_media":22663,"template":"","meta":[],"product_brand":[],"product_cat":[142,106,45],"product_tag":[173],"class_list":{"0":"post-22572","1":"product","2":"type-product","3":"status-publish","4":"has-post-thumbnail","6":"product_cat-editions-limitees","7":"product_cat-nc003","8":"product_cat-montres","9":"product_tag-quartz","10":"product_shipping_class-montres","12":"first","13":"instock","14":"featured","15":"shipping-taxable","16":"purchasable","17":"product-type-variable"},"jetpack_sharing_enabled":true,"_links":{"self":[{"href":"https:\/\/www.horloscaphe-watches-paris.com\/fr\/wp-json\/wp\/v2\/product\/22572","targetHints":{"allow":["GET"]}}],"collection":[{"href":"https:\/\/www.horloscaphe-watches-paris.com\/fr\/wp-json\/wp\/v2\/product"}],"about":[{"href":"https:\/\/www.horloscaphe-watches-paris.com\/fr\/wp-json\/wp\/v2\/types\/product"}],"version-history":[{"count":8,"href":"https:\/\/www.horloscaphe-watches-paris.com\/fr\/wp-json\/wp\/v2\/product\/22572\/revisions"}],"predecessor-version":[{"id":22666,"href":"https:\/\/www.horloscaphe-watches-paris.com\/fr\/wp-json\/wp\/v2\/product\/22572\/revisions\/22666"}],"wp:featuredmedia":[{"embeddable":true,"href":"https:\/\/www.horloscaphe-watches-paris.com\/fr\/wp-json\/wp\/v2\/media\/22663"}],"wp:attachment":[{"href":"https:\/\/www.horloscaphe-watches-paris.com\/fr\/wp-json\/wp\/v2\/media?parent=22572"}],"wp:term":[{"taxonomy":"product_brand","embeddable":true,"href":"https:\/\/www.horloscaphe-watches-paris.com\/fr\/wp-json\/wp\/v2\/product_brand?post=22572"},{"taxonomy":"product_cat","embeddable":true,"href":"https:\/\/www.horloscaphe-watches-paris.com\/fr\/wp-json\/wp\/v2\/product_cat?post=22572"},{"taxonomy":"product_tag","embeddable":true,"href":"https:\/\/www.horloscaphe-watches-paris.com\/fr\/wp-json\/wp\/v2\/product_tag?post=22572"}],"curies":[{"name":"wp","href":"https:\/\/api.w.org\/{rel}","templated":true}]}}