{"id":21219,"date":"2023-11-29T12:20:23","date_gmt":"2023-11-29T11:20:23","guid":{"rendered":"https:\/\/www.horloscaphe-watches-paris.com\/?post_type=product&#038;p=21219"},"modified":"2026-01-05T09:41:03","modified_gmt":"2026-01-05T08:41:03","slug":"montre-nc-003-lunette-eod","status":"publish","type":"product","link":"https:\/\/www.horloscaphe-watches-paris.com\/fr\/produit\/montre-nc-003-lunette-eod\/","title":{"rendered":"Montre NC 003 lunette EOD"},"content":{"rendered":"<p>Le projet NC003 est\u00a0 n\u00e9e a la demande d&rsquo;un plongeur d\u00e9mineur de la marine national instructeur au pole inter arm\u00e9es MUNEX\u00a0 ( PIAM).<\/p>\n<p>Une lunette tournante uni-directionnelle en acier finition PVD noir avec un marquage luminescent en arc de cercle (luminova C3) pour les zones de temps critique ou l\u2019op\u00e9rateur ne manipule pas l\u2019objet suspect.<\/p>\n<p>Garantie 2 ans et pi\u00e8ces et main d&rsquo;\u0153uvre, sauf chocs violent, chute, bris de verre ou de couronne.<\/p>\n","protected":false},"excerpt":{"rendered":"<p>Le projet NC003 est\u00a0 n\u00e9e a la demande d&rsquo;un plongeur d\u00e9mineur de la marine national instructeur au pole inter arm\u00e9es MUNEX\u00a0 ( PIAM).<\/p>\n<p>Une lunette tournante uni-directionnelle en acier finition PVD noir avec un marquage luminescent en arc de cercle (luminova C3) pour les zones de temps critique ou l\u2019op\u00e9rateur ne manipule pas l\u2019objet suspect.<\/p>\n<p>Garantie 2 ans et pi\u00e8ces et main d&rsquo;\u0153uvre, sauf chocs violent, chute, bris de verre ou de couronne.<\/p>\n<p>TVA non applicable, article 293 B du CGI<\/p>\n","protected":false},"featured_media":21138,"template":"","meta":[],"product_brand":[],"product_cat":[106,45],"product_tag":[173],"class_list":{"0":"post-21219","1":"product","2":"type-product","3":"status-publish","4":"has-post-thumbnail","6":"product_cat-nc003","7":"product_cat-montres","8":"product_tag-quartz","9":"product_shipping_class-montres","11":"first","12":"instock","13":"shipping-taxable","14":"purchasable","15":"product-type-variable"},"jetpack_sharing_enabled":true,"_links":{"self":[{"href":"https:\/\/www.horloscaphe-watches-paris.com\/fr\/wp-json\/wp\/v2\/product\/21219","targetHints":{"allow":["GET"]}}],"collection":[{"href":"https:\/\/www.horloscaphe-watches-paris.com\/fr\/wp-json\/wp\/v2\/product"}],"about":[{"href":"https:\/\/www.horloscaphe-watches-paris.com\/fr\/wp-json\/wp\/v2\/types\/product"}],"version-history":[{"count":4,"href":"https:\/\/www.horloscaphe-watches-paris.com\/fr\/wp-json\/wp\/v2\/product\/21219\/revisions"}],"predecessor-version":[{"id":21265,"href":"https:\/\/www.horloscaphe-watches-paris.com\/fr\/wp-json\/wp\/v2\/product\/21219\/revisions\/21265"}],"wp:featuredmedia":[{"embeddable":true,"href":"https:\/\/www.horloscaphe-watches-paris.com\/fr\/wp-json\/wp\/v2\/media\/21138"}],"wp:attachment":[{"href":"https:\/\/www.horloscaphe-watches-paris.com\/fr\/wp-json\/wp\/v2\/media?parent=21219"}],"wp:term":[{"taxonomy":"product_brand","embeddable":true,"href":"https:\/\/www.horloscaphe-watches-paris.com\/fr\/wp-json\/wp\/v2\/product_brand?post=21219"},{"taxonomy":"product_cat","embeddable":true,"href":"https:\/\/www.horloscaphe-watches-paris.com\/fr\/wp-json\/wp\/v2\/product_cat?post=21219"},{"taxonomy":"product_tag","embeddable":true,"href":"https:\/\/www.horloscaphe-watches-paris.com\/fr\/wp-json\/wp\/v2\/product_tag?post=21219"}],"curies":[{"name":"wp","href":"https:\/\/api.w.org\/{rel}","templated":true}]}}