{"id":20775,"date":"2023-04-22T12:53:59","date_gmt":"2023-04-22T10:53:59","guid":{"rendered":"https:\/\/www.horloscaphe-watches-paris.com\/?post_type=product&#038;p=20775"},"modified":"2026-01-02T10:12:46","modified_gmt":"2026-01-02T09:12:46","slug":"montre-plongee-militair-nc003-francaise-automatique-300m-serie-limitee-fnrs-3","status":"publish","type":"product","link":"https:\/\/www.horloscaphe-watches-paris.com\/fr\/produit\/montre-plongee-militair-nc003-francaise-automatique-300m-serie-limitee-fnrs-3\/","title":{"rendered":"Montre NC003 Automatique 300 m s\u00e9rie limit\u00e9e FNRS III."},"content":{"rendered":"<p><span class=\"Style21\">Le bathyscaphe FNRS III <span class=\"Style26\">\u00e0 <\/span> Toulon (<span class=\"Style26\"> Var ) <\/span><\/span>.<\/p>\n<p><span class=\"Style54\">Un bathyscaphe est un engin sous marin destin\u00e9 \u00e0 l\u2019exploration \u00e0 grande profondeur, il bat le record de plong\u00e9e en 1954 au large de DAKAR \u00e0 4050 m de fond. D<\/span>\u00e9sarm\u00e9 en 1961, il est expos\u00e9 <span class=\"Style54\">dans les jardins de la Tour Royale \u00e0 Toulon<\/span>.<\/p>\n<p>Ce projet fait suite \u00e0 l&rsquo;installation\u00a0 de l&rsquo;atelier \u00e0 Toulon pr\u00e9s de la rade, une s\u00e9rie limit\u00e9e de 50 pi\u00e8ces. D\u00e9sormais tous les nouveaux mod\u00e8les Horloscaphe porteront l&rsquo;inscription TOULON.<\/p>\n<p>&nbsp;<\/p>\n<p>&nbsp;<\/p>\n<p>&nbsp;<\/p>\n","protected":false},"excerpt":{"rendered":"<p><strong>Le prix est de 627 euros uniquement en\u00a0 pr\u00e9 commande puis 735 euros une fois les 50 montres produites.<\/strong><\/p>\n<p><strong>Une partie des b\u00e9n\u00e9fices (20 euros par montre) sera\u00a0 revers\u00e9e a la SNSM.<\/strong><\/p>\n<p>ATTENTION : ce n&rsquo;est pas un partenariat avec la SNSM c&rsquo;est juste une collecte de fond ,si vous ne souhaitez pas participer faites-le moi savoir .<\/p>\n<p><span style=\"vertical-align: inherit;\">Garantie 2 ans et pi\u00e8ces et main d&rsquo;\u0153uvre, sauf choc violent, chute, bris de verre ou de couronne.<\/span><\/p>\n","protected":false},"featured_media":21061,"template":"","meta":[],"product_brand":[],"product_cat":[142,106,45],"product_tag":[172],"class_list":{"0":"post-20775","1":"product","2":"type-product","3":"status-publish","4":"has-post-thumbnail","6":"product_cat-editions-limitees","7":"product_cat-nc003","8":"product_cat-montres","9":"product_tag-automatique","10":"product_shipping_class-montres","12":"first","13":"instock","14":"shipping-taxable","15":"purchasable","16":"product-type-variable"},"jetpack_sharing_enabled":true,"_links":{"self":[{"href":"https:\/\/www.horloscaphe-watches-paris.com\/fr\/wp-json\/wp\/v2\/product\/20775","targetHints":{"allow":["GET"]}}],"collection":[{"href":"https:\/\/www.horloscaphe-watches-paris.com\/fr\/wp-json\/wp\/v2\/product"}],"about":[{"href":"https:\/\/www.horloscaphe-watches-paris.com\/fr\/wp-json\/wp\/v2\/types\/product"}],"version-history":[{"count":6,"href":"https:\/\/www.horloscaphe-watches-paris.com\/fr\/wp-json\/wp\/v2\/product\/20775\/revisions"}],"predecessor-version":[{"id":20827,"href":"https:\/\/www.horloscaphe-watches-paris.com\/fr\/wp-json\/wp\/v2\/product\/20775\/revisions\/20827"}],"wp:featuredmedia":[{"embeddable":true,"href":"https:\/\/www.horloscaphe-watches-paris.com\/fr\/wp-json\/wp\/v2\/media\/21061"}],"wp:attachment":[{"href":"https:\/\/www.horloscaphe-watches-paris.com\/fr\/wp-json\/wp\/v2\/media?parent=20775"}],"wp:term":[{"taxonomy":"product_brand","embeddable":true,"href":"https:\/\/www.horloscaphe-watches-paris.com\/fr\/wp-json\/wp\/v2\/product_brand?post=20775"},{"taxonomy":"product_cat","embeddable":true,"href":"https:\/\/www.horloscaphe-watches-paris.com\/fr\/wp-json\/wp\/v2\/product_cat?post=20775"},{"taxonomy":"product_tag","embeddable":true,"href":"https:\/\/www.horloscaphe-watches-paris.com\/fr\/wp-json\/wp\/v2\/product_tag?post=20775"}],"curies":[{"name":"wp","href":"https:\/\/api.w.org\/{rel}","templated":true}]}}