{"id":20558,"date":"2022-11-29T17:57:26","date_gmt":"2022-11-29T16:57:26","guid":{"rendered":"https:\/\/www.horloscaphe-watches-paris.com\/?post_type=product&#038;p=20558"},"modified":"2026-01-02T10:14:15","modified_gmt":"2026-01-02T09:14:15","slug":"montre-plongee-militaire-scaphandrier-nc-003-scaphtek-lunette-eod-2","status":"publish","type":"product","link":"https:\/\/www.horloscaphe-watches-paris.com\/fr\/produit\/montre-plongee-militaire-scaphandrier-nc-003-scaphtek-lunette-eod-2\/","title":{"rendered":"Montre NC 003 SCAPHTEK lunette EOD"},"content":{"rendered":"<p>Le partenariat est n\u00e9 sous l\u2019impulsion de Ren\u00e9 CROCHET g\u00e9rant de l&rsquo;entreprise Scaphtek travaux sous marins, sp\u00e9cialis\u00e9 dans les constructions d&rsquo;ouvrages maritimes et fluviaux.<\/p>\n<p>Une lunette tournante uni-directionnelle en acier finition \u00a0 PVD noir \u00a0avec un marquage luminescent en arc de cercle \u00a0 (Luminova C3) pour les zones de temps critique ou l\u2019op\u00e9rateur ne manipule pas l&rsquo;objet suspect.<\/p>\n<p>Garantie 2 ans et pi\u00e8ces et main d&rsquo;\u0153uvre, sauf chocs violent, chute, bris de verre ou de couronne.<\/p>\n","protected":false},"excerpt":{"rendered":"<p>Le partenariat est n\u00e9 sous l\u2019impulsion de Ren\u00e9 CROCHET g\u00e9rant de l&rsquo;entreprise Scaphtek travaux sous marins, sp\u00e9cialis\u00e9 dans les constructions d&rsquo;ouvrages maritimes et fluviaux. Une lunette tournante uni-directionnelle en acier finition \u00a0 PVD noir \u00a0avec un marquage luminescent en arc de cercle \u00a0 (Luminova C3) pour les zones de temps critique ou l\u2019op\u00e9rateur ne manipule [&hellip;]<\/p>\n","protected":false},"featured_media":21071,"template":"","meta":[],"product_brand":[],"product_cat":[106,45],"product_tag":[173],"class_list":{"0":"post-20558","1":"product","2":"type-product","3":"status-publish","4":"has-post-thumbnail","6":"product_cat-nc003","7":"product_cat-montres","8":"product_tag-quartz","9":"product_shipping_class-montres","11":"first","12":"instock","13":"shipping-taxable","14":"purchasable","15":"product-type-variable"},"jetpack_sharing_enabled":true,"_links":{"self":[{"href":"https:\/\/www.horloscaphe-watches-paris.com\/fr\/wp-json\/wp\/v2\/product\/20558","targetHints":{"allow":["GET"]}}],"collection":[{"href":"https:\/\/www.horloscaphe-watches-paris.com\/fr\/wp-json\/wp\/v2\/product"}],"about":[{"href":"https:\/\/www.horloscaphe-watches-paris.com\/fr\/wp-json\/wp\/v2\/types\/product"}],"version-history":[{"count":3,"href":"https:\/\/www.horloscaphe-watches-paris.com\/fr\/wp-json\/wp\/v2\/product\/20558\/revisions"}],"predecessor-version":[{"id":21726,"href":"https:\/\/www.horloscaphe-watches-paris.com\/fr\/wp-json\/wp\/v2\/product\/20558\/revisions\/21726"}],"wp:featuredmedia":[{"embeddable":true,"href":"https:\/\/www.horloscaphe-watches-paris.com\/fr\/wp-json\/wp\/v2\/media\/21071"}],"wp:attachment":[{"href":"https:\/\/www.horloscaphe-watches-paris.com\/fr\/wp-json\/wp\/v2\/media?parent=20558"}],"wp:term":[{"taxonomy":"product_brand","embeddable":true,"href":"https:\/\/www.horloscaphe-watches-paris.com\/fr\/wp-json\/wp\/v2\/product_brand?post=20558"},{"taxonomy":"product_cat","embeddable":true,"href":"https:\/\/www.horloscaphe-watches-paris.com\/fr\/wp-json\/wp\/v2\/product_cat?post=20558"},{"taxonomy":"product_tag","embeddable":true,"href":"https:\/\/www.horloscaphe-watches-paris.com\/fr\/wp-json\/wp\/v2\/product_tag?post=20558"}],"curies":[{"name":"wp","href":"https:\/\/api.w.org\/{rel}","templated":true}]}}