{"id":20468,"date":"2022-11-29T17:21:15","date_gmt":"2022-11-29T16:21:15","guid":{"rendered":"https:\/\/www.horloscaphe-watches-paris.com\/?post_type=product&#038;p=20468"},"modified":"2026-01-02T10:15:31","modified_gmt":"2026-01-02T09:15:31","slug":"montre-nc-003-scaphtek","status":"publish","type":"product","link":"https:\/\/www.horloscaphe-watches-paris.com\/fr\/produit\/montre-nc-003-scaphtek\/","title":{"rendered":"Montre NC 003 SCAPHTEK"},"content":{"rendered":"<p>Le partenariat est n\u00e9 sous l\u2019impulsion de Ren\u00e9 CROCHET g\u00e9rant de l&rsquo;entreprise scaphetek travaux sous marins, sp\u00e9cialis\u00e9 dans les constructions d&rsquo;ouvrages maritimes et fluviaux.<\/p>\n<p>Garantie 2 ans et pi\u00e8ces et main d&rsquo;\u0153uvre, sauf chocs violent, chute, bris de verre ou de couronne.<\/p>\n","protected":false},"excerpt":{"rendered":"<p>Le partenariat est n\u00e9 sous l\u2019impulsion de Ren\u00e9 CROCHET g\u00e9rant de l&rsquo;entreprise scaphetek travaux sous marins, sp\u00e9cialis\u00e9 dans les constructions d&rsquo;ouvrages maritimes et fluviaux. Garantie 2 ans et pi\u00e8ces et main d&rsquo;\u0153uvre, sauf chocs violent, chute, bris de verre ou de couronne.<\/p>\n","protected":false},"featured_media":21115,"template":"","meta":[],"product_brand":[],"product_cat":[142,106,45],"product_tag":[173],"class_list":{"0":"post-20468","1":"product","2":"type-product","3":"status-publish","4":"has-post-thumbnail","6":"product_cat-editions-limitees","7":"product_cat-nc003","8":"product_cat-montres","9":"product_tag-quartz","10":"product_shipping_class-montres","12":"first","13":"instock","14":"featured","15":"shipping-taxable","16":"purchasable","17":"product-type-variable"},"jetpack_sharing_enabled":true,"_links":{"self":[{"href":"https:\/\/www.horloscaphe-watches-paris.com\/fr\/wp-json\/wp\/v2\/product\/20468","targetHints":{"allow":["GET"]}}],"collection":[{"href":"https:\/\/www.horloscaphe-watches-paris.com\/fr\/wp-json\/wp\/v2\/product"}],"about":[{"href":"https:\/\/www.horloscaphe-watches-paris.com\/fr\/wp-json\/wp\/v2\/types\/product"}],"version-history":[{"count":3,"href":"https:\/\/www.horloscaphe-watches-paris.com\/fr\/wp-json\/wp\/v2\/product\/20468\/revisions"}],"predecessor-version":[{"id":21778,"href":"https:\/\/www.horloscaphe-watches-paris.com\/fr\/wp-json\/wp\/v2\/product\/20468\/revisions\/21778"}],"wp:featuredmedia":[{"embeddable":true,"href":"https:\/\/www.horloscaphe-watches-paris.com\/fr\/wp-json\/wp\/v2\/media\/21115"}],"wp:attachment":[{"href":"https:\/\/www.horloscaphe-watches-paris.com\/fr\/wp-json\/wp\/v2\/media?parent=20468"}],"wp:term":[{"taxonomy":"product_brand","embeddable":true,"href":"https:\/\/www.horloscaphe-watches-paris.com\/fr\/wp-json\/wp\/v2\/product_brand?post=20468"},{"taxonomy":"product_cat","embeddable":true,"href":"https:\/\/www.horloscaphe-watches-paris.com\/fr\/wp-json\/wp\/v2\/product_cat?post=20468"},{"taxonomy":"product_tag","embeddable":true,"href":"https:\/\/www.horloscaphe-watches-paris.com\/fr\/wp-json\/wp\/v2\/product_tag?post=20468"}],"curies":[{"name":"wp","href":"https:\/\/api.w.org\/{rel}","templated":true}]}}