{"id":20382,"date":"2022-10-17T13:11:55","date_gmt":"2022-10-17T11:11:55","guid":{"rendered":"https:\/\/www.horloscaphe-watches-paris.com\/?post_type=product&#038;p=20382"},"modified":"2026-01-13T19:25:08","modified_gmt":"2026-01-13T18:25:08","slug":"montre-plongee-militaire-made-in-france-nc-003-fluide","status":"publish","type":"product","link":"https:\/\/www.horloscaphe-watches-paris.com\/fr\/produit\/montre-plongee-militaire-made-in-france-nc-003-fluide\/","title":{"rendered":"Montre NC 003 FLUIDE"},"content":{"rendered":"<p><strong><span style=\"vertical-align: inherit;\">Version Fluide<\/span><\/strong><\/p>\n<p><span style=\"vertical-align: inherit;\"><strong>Toujours fid\u00e8le \u00e0 sa philosophie, Horloscaphe s&rsquo;inspire des instruments de plong\u00e9e sous-marine pour la version fluide du mod\u00e8le NC003.<\/strong><br \/>\n<\/span><\/p>\n<p>Comme les manom\u00e8tres,compas de plong\u00e9e et les profondim\u00e8tres remplis de glyc\u00e9rine,<br \/>\nHorloscaphe applique ce principe : encapsuler un fluide non silicon\u00e9, di\u00e9lectrique et avec une densit\u00e9 sup\u00e9rieure \u00e0 l&rsquo;eau, pour ces nombreux avantages :<\/p>\n<p>&#8211; Augmenter grandement sa r\u00e9sistance \u00e0 la pression hydrostatique,<br \/>\n&#8211; Lubrifier les organes internes et prolonger la dur\u00e9e de vie du mouvement,<br \/>\n&#8211; Permettre une meilleure lisibilit\u00e9 car le fluide interne diminue les reflets,<\/p>\n","protected":false},"excerpt":{"rendered":"<p>Malgr\u00e9 une l\u00e9g\u00e8re r\u00e9sistance du fluide sur les aiguilles, cela ne nuit aucunement \u00e0 la tenue de l&rsquo;heure car le circuit \u00e9lectronique est r\u00e9gl\u00e9 avec une avance de 0.2 seconde par jour pour \u00e9quilibrer la marche.<\/p>\n<p><strong>La bulle d&rsquo;air :<\/strong><br \/>\n<strong>Une bulle de + ou &#8211; 5 mm est pr\u00e9sente dans le fluide. Elle a pour r\u00f4le d&rsquo;\u00e9quilibrer la pression interne de la montre. Elle peut \u00eatre soit visible sous le verre ,soit invisible car cach\u00e9e derri\u00e8re le cadran sa taille varie selon son environnement.<\/strong><\/p>\n<p><strong>Temp\u00e9rature :<\/strong><br \/>\n<strong>Dans froid, le fluide se r\u00e9tracte et le volume de la bulle d&rsquo;air se dilate. Sous l&rsquo;effet de la chaleur, le volume du fluide se dilate il comprime la bulle qui se r\u00e9tracte.<\/strong><\/p>\n<p><strong>Pression :<br \/>\n<\/strong><strong>Sous haute pression (en plong\u00e9e), la bulle est comprim\u00e9e et sa taille diminue.<br \/>\n<\/strong><strong>A l&rsquo;inverse, en basse pression (haute montagne) sa taille augmente.<\/strong><\/p>\n<p><span style=\"vertical-align: inherit;\">Un boitier de 39mm en acier 316L bross\u00e9, une lunette tournante <\/span><span style=\"vertical-align: inherit;\">uni-directionelle en acier PVD noir se qui fait de cette montre de <\/span><span style=\"vertical-align: inherit;\">\u00a0plong\u00e9e une <\/span><span style=\"vertical-align: inherit;\">parfaite \u00ab\u00a0Tool Watch\u00a0\u00bb \u00e9tanche \u00e0 1000m.<\/span><\/p>\n","protected":false},"featured_media":21085,"template":"","meta":[],"product_brand":[],"product_cat":[106,45],"product_tag":[173],"class_list":{"0":"post-20382","1":"product","2":"type-product","3":"status-publish","4":"has-post-thumbnail","6":"product_cat-nc003","7":"product_cat-montres","8":"product_tag-quartz","9":"product_shipping_class-montres","11":"first","12":"instock","13":"featured","14":"shipping-taxable","15":"purchasable","16":"product-type-variable"},"jetpack_sharing_enabled":true,"_links":{"self":[{"href":"https:\/\/www.horloscaphe-watches-paris.com\/fr\/wp-json\/wp\/v2\/product\/20382","targetHints":{"allow":["GET"]}}],"collection":[{"href":"https:\/\/www.horloscaphe-watches-paris.com\/fr\/wp-json\/wp\/v2\/product"}],"about":[{"href":"https:\/\/www.horloscaphe-watches-paris.com\/fr\/wp-json\/wp\/v2\/types\/product"}],"version-history":[{"count":4,"href":"https:\/\/www.horloscaphe-watches-paris.com\/fr\/wp-json\/wp\/v2\/product\/20382\/revisions"}],"predecessor-version":[{"id":20426,"href":"https:\/\/www.horloscaphe-watches-paris.com\/fr\/wp-json\/wp\/v2\/product\/20382\/revisions\/20426"}],"wp:featuredmedia":[{"embeddable":true,"href":"https:\/\/www.horloscaphe-watches-paris.com\/fr\/wp-json\/wp\/v2\/media\/21085"}],"wp:attachment":[{"href":"https:\/\/www.horloscaphe-watches-paris.com\/fr\/wp-json\/wp\/v2\/media?parent=20382"}],"wp:term":[{"taxonomy":"product_brand","embeddable":true,"href":"https:\/\/www.horloscaphe-watches-paris.com\/fr\/wp-json\/wp\/v2\/product_brand?post=20382"},{"taxonomy":"product_cat","embeddable":true,"href":"https:\/\/www.horloscaphe-watches-paris.com\/fr\/wp-json\/wp\/v2\/product_cat?post=20382"},{"taxonomy":"product_tag","embeddable":true,"href":"https:\/\/www.horloscaphe-watches-paris.com\/fr\/wp-json\/wp\/v2\/product_tag?post=20382"}],"curies":[{"name":"wp","href":"https:\/\/api.w.org\/{rel}","templated":true}]}}