{"id":20173,"date":"2022-08-06T15:14:28","date_gmt":"2022-08-06T13:14:28","guid":{"rendered":"https:\/\/www.horloscaphe-watches-paris.com\/?post_type=product&#038;p=20173"},"modified":"2026-04-07T08:44:19","modified_gmt":"2026-04-07T06:44:19","slug":"montre-de-plongee-fabrique-en-france-militaire-nc003","status":"publish","type":"product","link":"https:\/\/www.horloscaphe-watches-paris.com\/fr\/produit\/montre-de-plongee-fabrique-en-france-militaire-nc003\/","title":{"rendered":"Montre NC 003"},"content":{"rendered":"<p>Le projet NC003 est\u00a0 n\u00e9e \u00e0 la demande d&rsquo;un plongeur d\u00e9mineur de la marine national, instructeur au pole inter arm\u00e9es MUNEX\u00a0 ( PIAM).<\/p>\n<p>Ce mod\u00e8le est la version civile avec une lunette normale.<\/p>\n<p>Garantie 2 ans et pi\u00e8ces et main d&rsquo;\u0153uvre, sauf chocs violent, chute, bris de verre ou de couronne.<\/p>\n","protected":false},"excerpt":{"rendered":"<p>Le projet NC003 est\u00a0 n\u00e9e \u00e0 la demande d&rsquo;un plongeur d\u00e9mineur de la marine national, instructeur au pole inter arm\u00e9es MUNEX\u00a0 ( PIAM). Ce mod\u00e8le est la version civile avec une lunette normale. Garantie 2 ans et pi\u00e8ces et main d&rsquo;\u0153uvre, sauf chocs violent, chute, bris de verre ou de couronne.<\/p>\n","protected":false},"featured_media":21094,"template":"","meta":[],"product_brand":[],"product_cat":[106,45],"product_tag":[173],"class_list":{"0":"post-20173","1":"product","2":"type-product","3":"status-publish","4":"has-post-thumbnail","6":"product_cat-nc003","7":"product_cat-montres","8":"product_tag-quartz","9":"product_shipping_class-montres","11":"first","12":"instock","13":"shipping-taxable","14":"purchasable","15":"product-type-variable"},"jetpack_sharing_enabled":true,"_links":{"self":[{"href":"https:\/\/www.horloscaphe-watches-paris.com\/fr\/wp-json\/wp\/v2\/product\/20173","targetHints":{"allow":["GET"]}}],"collection":[{"href":"https:\/\/www.horloscaphe-watches-paris.com\/fr\/wp-json\/wp\/v2\/product"}],"about":[{"href":"https:\/\/www.horloscaphe-watches-paris.com\/fr\/wp-json\/wp\/v2\/types\/product"}],"version-history":[{"count":3,"href":"https:\/\/www.horloscaphe-watches-paris.com\/fr\/wp-json\/wp\/v2\/product\/20173\/revisions"}],"predecessor-version":[{"id":22270,"href":"https:\/\/www.horloscaphe-watches-paris.com\/fr\/wp-json\/wp\/v2\/product\/20173\/revisions\/22270"}],"wp:featuredmedia":[{"embeddable":true,"href":"https:\/\/www.horloscaphe-watches-paris.com\/fr\/wp-json\/wp\/v2\/media\/21094"}],"wp:attachment":[{"href":"https:\/\/www.horloscaphe-watches-paris.com\/fr\/wp-json\/wp\/v2\/media?parent=20173"}],"wp:term":[{"taxonomy":"product_brand","embeddable":true,"href":"https:\/\/www.horloscaphe-watches-paris.com\/fr\/wp-json\/wp\/v2\/product_brand?post=20173"},{"taxonomy":"product_cat","embeddable":true,"href":"https:\/\/www.horloscaphe-watches-paris.com\/fr\/wp-json\/wp\/v2\/product_cat?post=20173"},{"taxonomy":"product_tag","embeddable":true,"href":"https:\/\/www.horloscaphe-watches-paris.com\/fr\/wp-json\/wp\/v2\/product_tag?post=20173"}],"curies":[{"name":"wp","href":"https:\/\/api.w.org\/{rel}","templated":true}]}}