{"id":19672,"date":"2021-12-17T16:57:22","date_gmt":"2021-12-17T15:57:22","guid":{"rendered":"https:\/\/www.horloscaphe-watches-paris.com\/?post_type=product&#038;p=19672"},"modified":"2026-01-29T16:23:09","modified_gmt":"2026-01-29T15:23:09","slug":"bracelet-tropic-vert","status":"publish","type":"product","link":"https:\/\/www.horloscaphe-watches-paris.com\/fr\/produit\/bracelet-tropic-vert\/","title":{"rendered":"Bracelet Tropic Vert"},"content":{"rendered":"<p>Le TPU (ou PU) est un thermoplastique \u00e9lastom\u00e8re qui allie les propri\u00e9t\u00e9s \u00e9lastiques des \u00e9lastom\u00e8res et les propri\u00e9t\u00e9s m\u00e9caniques des plastiques.<\/p>\n<p>La principale propri\u00e9t\u00e9 du PU est son excellente r\u00e9sistance \u00e0 l&rsquo;abrasion et \u00e0 l&rsquo;usure et au d\u00e9chirement , ce qui fait de ce mat\u00e9riau un excellent candidat pour la fabrication de bracelet pour les montres de plong\u00e9e (test\u00e9 sur un \u00e9tirement avec une charge de 22 Kg).<\/p>\n<p>Caract\u00e9ristiques techniques:<br \/>\n20 mm de large (entrecorne)<br \/>\nMati\u00e8re : PTU (thermoplastique \u00e9lastom\u00e8re).<br \/>\nCouleur : Vert<\/p>\n","protected":false},"excerpt":{"rendered":"<p>Le TPU (ou PU) est un thermoplastique \u00e9lastom\u00e8re qui allie les propri\u00e9t\u00e9s \u00e9lastiques des \u00e9lastom\u00e8res et les propri\u00e9t\u00e9s m\u00e9caniques des plastiques.<\/p>\n<p>La principale propri\u00e9t\u00e9 du PU est son excellente r\u00e9sistance \u00e0 l&rsquo;abrasion et \u00e0 l&rsquo;usure et au d\u00e9chirement , ce qui fait de ce mat\u00e9riau un excellent candidat pour la fabrication de bracelet pour les montres de plong\u00e9e (test\u00e9 sur un \u00e9tirement avec une charge de 22 Kg).<\/p>\n<p>Caract\u00e9ristiques techniques:<br \/>\n20 mm de large (entrecorne)<br \/>\nMati\u00e8re : PTU (thermoplastique \u00e9lastom\u00e8re).<br \/>\nCouleur : Vert<\/p>\n","protected":false},"featured_media":19610,"template":"","meta":[],"product_brand":[],"product_cat":[38,90],"product_tag":[],"class_list":{"0":"post-19672","1":"product","2":"type-product","3":"status-publish","4":"has-post-thumbnail","6":"product_cat-bracelet","7":"product_cat-bracelet-tropic","8":"product_shipping_class-bracelet","10":"first","11":"instock","12":"shipping-taxable","13":"purchasable","14":"product-type-simple"},"jetpack_sharing_enabled":true,"_links":{"self":[{"href":"https:\/\/www.horloscaphe-watches-paris.com\/fr\/wp-json\/wp\/v2\/product\/19672","targetHints":{"allow":["GET"]}}],"collection":[{"href":"https:\/\/www.horloscaphe-watches-paris.com\/fr\/wp-json\/wp\/v2\/product"}],"about":[{"href":"https:\/\/www.horloscaphe-watches-paris.com\/fr\/wp-json\/wp\/v2\/types\/product"}],"version-history":[{"count":1,"href":"https:\/\/www.horloscaphe-watches-paris.com\/fr\/wp-json\/wp\/v2\/product\/19672\/revisions"}],"predecessor-version":[{"id":21761,"href":"https:\/\/www.horloscaphe-watches-paris.com\/fr\/wp-json\/wp\/v2\/product\/19672\/revisions\/21761"}],"wp:featuredmedia":[{"embeddable":true,"href":"https:\/\/www.horloscaphe-watches-paris.com\/fr\/wp-json\/wp\/v2\/media\/19610"}],"wp:attachment":[{"href":"https:\/\/www.horloscaphe-watches-paris.com\/fr\/wp-json\/wp\/v2\/media?parent=19672"}],"wp:term":[{"taxonomy":"product_brand","embeddable":true,"href":"https:\/\/www.horloscaphe-watches-paris.com\/fr\/wp-json\/wp\/v2\/product_brand?post=19672"},{"taxonomy":"product_cat","embeddable":true,"href":"https:\/\/www.horloscaphe-watches-paris.com\/fr\/wp-json\/wp\/v2\/product_cat?post=19672"},{"taxonomy":"product_tag","embeddable":true,"href":"https:\/\/www.horloscaphe-watches-paris.com\/fr\/wp-json\/wp\/v2\/product_tag?post=19672"}],"curies":[{"name":"wp","href":"https:\/\/api.w.org\/{rel}","templated":true}]}}