{"id":19485,"date":"2022-05-11T13:00:58","date_gmt":"2022-05-11T11:00:58","guid":{"rendered":"https:\/\/www.horloscaphe-watches-paris.com\/?post_type=product&#038;p=19485"},"modified":"2026-01-29T16:23:09","modified_gmt":"2026-01-29T15:23:09","slug":"montre-plongee-militair-field-francaise-nc002-pilote-automatique-etanche-200m","status":"publish","type":"product","link":"https:\/\/www.horloscaphe-watches-paris.com\/fr\/produit\/montre-plongee-militair-field-francaise-nc002-pilote-automatique-etanche-200m\/","title":{"rendered":"MONTRE NC002 AUTOMATIQUE"},"content":{"rendered":"<p><span style=\"vertical-align: inherit;\">La NC002 est une\u00a0 montre de sport \u00e9l\u00e9gante qui est aussi \u00e0 l&rsquo;aise en plong\u00e9e bouteilles que sous une chemise blanche.<\/span><\/p>\n<p><span style=\"vertical-align: inherit;\">Un\u00a0 boitier de 39mm en acier 316L finition bross\u00e9e et une lunette chass\u00e9e sur la carrure avec un chanfrein poli, <\/span><span style=\"vertical-align: inherit;\">qui fait de <\/span><span style=\"vertical-align: inherit;\">cette montre\u00a0 une parfaite \u00ab\u00a0Tool Watch\u00a0\u00bb\u00a0 \u00e9tanche \u00e0 200m.<\/span><\/p>\n<p><span style=\"vertical-align: inherit;\">Garantie 2 ans et pi\u00e8ces et main d&rsquo;\u0153uvre, sauf chocs violent, chute, bris de verre ou de couronne.<\/span><\/p>\n<p>&nbsp;<\/p>\n","protected":false},"excerpt":{"rendered":"<p><span style=\"vertical-align: inherit;\">La NC002 est une\u00a0 montre de sport \u00e9l\u00e9gante qui est aussi \u00e0 l&rsquo;aise en plong\u00e9e bouteilles que sous une chemise blanche.<\/span><\/p>\n<p><span style=\"vertical-align: inherit;\">Un\u00a0 boitier de 39mm en acier 316L finition bross\u00e9e et une lunette chass\u00e9e sur la carrure avec un chanfrein poli, <\/span><span style=\"vertical-align: inherit;\">qui fait de <\/span><span style=\"vertical-align: inherit;\">cette montre\u00a0 une parfaite \u00ab\u00a0Tool Watch\u00a0\u00bb\u00a0 \u00e9tanche \u00e0 200m.<\/span><\/p>\n<p><span style=\"vertical-align: inherit;\">Garantie 2 ans et pi\u00e8ces et main d&rsquo;\u0153uvre, sauf chocs violent, chute, bris de verre ou de couronne.<\/span><\/p>\n<p>&nbsp;<\/p>\n","protected":false},"featured_media":21065,"template":"","meta":[],"product_brand":[],"product_cat":[105,45],"product_tag":[172],"class_list":{"0":"post-19485","1":"product","2":"type-product","3":"status-publish","4":"has-post-thumbnail","6":"product_cat-nc002-2-fr","7":"product_cat-montres","8":"product_tag-automatique","9":"product_shipping_class-montres","11":"first","12":"instock","13":"shipping-taxable","14":"purchasable","15":"product-type-variable"},"jetpack_sharing_enabled":true,"_links":{"self":[{"href":"https:\/\/www.horloscaphe-watches-paris.com\/fr\/wp-json\/wp\/v2\/product\/19485","targetHints":{"allow":["GET"]}}],"collection":[{"href":"https:\/\/www.horloscaphe-watches-paris.com\/fr\/wp-json\/wp\/v2\/product"}],"about":[{"href":"https:\/\/www.horloscaphe-watches-paris.com\/fr\/wp-json\/wp\/v2\/types\/product"}],"version-history":[{"count":4,"href":"https:\/\/www.horloscaphe-watches-paris.com\/fr\/wp-json\/wp\/v2\/product\/19485\/revisions"}],"predecessor-version":[{"id":21736,"href":"https:\/\/www.horloscaphe-watches-paris.com\/fr\/wp-json\/wp\/v2\/product\/19485\/revisions\/21736"}],"wp:featuredmedia":[{"embeddable":true,"href":"https:\/\/www.horloscaphe-watches-paris.com\/fr\/wp-json\/wp\/v2\/media\/21065"}],"wp:attachment":[{"href":"https:\/\/www.horloscaphe-watches-paris.com\/fr\/wp-json\/wp\/v2\/media?parent=19485"}],"wp:term":[{"taxonomy":"product_brand","embeddable":true,"href":"https:\/\/www.horloscaphe-watches-paris.com\/fr\/wp-json\/wp\/v2\/product_brand?post=19485"},{"taxonomy":"product_cat","embeddable":true,"href":"https:\/\/www.horloscaphe-watches-paris.com\/fr\/wp-json\/wp\/v2\/product_cat?post=19485"},{"taxonomy":"product_tag","embeddable":true,"href":"https:\/\/www.horloscaphe-watches-paris.com\/fr\/wp-json\/wp\/v2\/product_tag?post=19485"}],"curies":[{"name":"wp","href":"https:\/\/api.w.org\/{rel}","templated":true}]}}