{"id":19441,"date":"2021-11-21T16:17:26","date_gmt":"2021-11-21T15:17:26","guid":{"rendered":"https:\/\/www.horloscaphe-watches-paris.com\/?post_type=product&#038;p=19441"},"modified":"2026-01-02T10:19:56","modified_gmt":"2026-01-02T09:19:56","slug":"montre-plongee-militaire-nc003-automatique-lunette-pvd-diatomee","status":"publish","type":"product","link":"https:\/\/www.horloscaphe-watches-paris.com\/fr\/produit\/montre-plongee-militaire-nc003-automatique-lunette-pvd-diatomee\/","title":{"rendered":"MONTRE NC003 AUTOMATIQUE  SERIE SPECIALE DIATOMEE"},"content":{"rendered":"<div>Le projet Diatom\u00e9e:<\/div>\n<div>Le projet est n\u00e9 lors d&rsquo;une pr\u00e9sentation de mes montres\u00a0 \u00e0\u00a0 Alex VOYER, capitaine du voilier Diatom\u00e9e, il y a trois ans.<\/div>\n<div>Comme nous habitions\u00a0 au bord du canal de l&rsquo;Ourcq \u00e0 quelques kilom\u00e8tres de distance, nous nous sommes rencontr\u00e9s.<\/div>\n<div>Alex, passionn\u00e9 d&rsquo;horlogerie sp\u00e9cialement des montres de plong\u00e9e, en a discut\u00e9 longuement, entre \u00ab\u00a0toqu\u00e9s de tocantes\u00a0\u00bb l&rsquo;alchimie horlog\u00e8re a op\u00e9r\u00e9, et le projet a vu le jour .<\/div>\n","protected":false},"excerpt":{"rendered":"<p>Diatom\u00e9e\u00a0 est un grand voilier associatif qui permet de voyager des p\u00f4les aux tropiques avec pour but de sensibiliser \u00e0 l&rsquo;environnement marin \u00e0 travers les regards crois\u00e9s de scientifiques, enfants, athl\u00e8tes et artistes qui viendront au fur et \u00e0 mesure de ses exp\u00e9ditions.<\/p>\n<p>L&rsquo;id\u00e9e est d&rsquo;y inviter des personnalit\u00e9s ayant un attachement particulier \u00e0 l&rsquo;eau, de cr\u00e9er un collectif pour \u00e9laborer des projets riches en d\u00e9fis, apprentissages et cr\u00e9ations artistiques.<\/p>\n<p>Ils mettent leurs connaissances en commun dans les domaines qu&rsquo;ils aiment (la voile, l&rsquo;apn\u00e9e, les animaux, la production d\u2019images), pour monter des exp\u00e9ditions, reportages, leur mani\u00e8re de voir le monde, dans les coins les plus tranquilles et les plus fous de la plan\u00e8te.<\/p>\n<p>Ils collaborent aussi avec des \u00e9coles qui suivent leurs aventures et d\u00e9couvrent avec nous les richesses des oc\u00e9ans pour mieux les prot\u00e9ger.<\/p>\n<p>Une partie des b\u00e9n\u00e9fices sera revers\u00e9e a l&rsquo;association.\u00a0 www.laroutesalee.com<\/p>\n","protected":false},"featured_media":22406,"template":"","meta":[],"product_brand":[],"product_cat":[142,106,45],"product_tag":[172],"class_list":{"0":"post-19441","1":"product","2":"type-product","3":"status-publish","4":"has-post-thumbnail","6":"product_cat-editions-limitees","7":"product_cat-nc003","8":"product_cat-montres","9":"product_tag-automatique","10":"product_shipping_class-montres","12":"first","13":"instock","14":"shipping-taxable","15":"purchasable","16":"product-type-variable"},"jetpack_sharing_enabled":true,"_links":{"self":[{"href":"https:\/\/www.horloscaphe-watches-paris.com\/fr\/wp-json\/wp\/v2\/product\/19441","targetHints":{"allow":["GET"]}}],"collection":[{"href":"https:\/\/www.horloscaphe-watches-paris.com\/fr\/wp-json\/wp\/v2\/product"}],"about":[{"href":"https:\/\/www.horloscaphe-watches-paris.com\/fr\/wp-json\/wp\/v2\/types\/product"}],"version-history":[{"count":4,"href":"https:\/\/www.horloscaphe-watches-paris.com\/fr\/wp-json\/wp\/v2\/product\/19441\/revisions"}],"predecessor-version":[{"id":19886,"href":"https:\/\/www.horloscaphe-watches-paris.com\/fr\/wp-json\/wp\/v2\/product\/19441\/revisions\/19886"}],"wp:featuredmedia":[{"embeddable":true,"href":"https:\/\/www.horloscaphe-watches-paris.com\/fr\/wp-json\/wp\/v2\/media\/22406"}],"wp:attachment":[{"href":"https:\/\/www.horloscaphe-watches-paris.com\/fr\/wp-json\/wp\/v2\/media?parent=19441"}],"wp:term":[{"taxonomy":"product_brand","embeddable":true,"href":"https:\/\/www.horloscaphe-watches-paris.com\/fr\/wp-json\/wp\/v2\/product_brand?post=19441"},{"taxonomy":"product_cat","embeddable":true,"href":"https:\/\/www.horloscaphe-watches-paris.com\/fr\/wp-json\/wp\/v2\/product_cat?post=19441"},{"taxonomy":"product_tag","embeddable":true,"href":"https:\/\/www.horloscaphe-watches-paris.com\/fr\/wp-json\/wp\/v2\/product_tag?post=19441"}],"curies":[{"name":"wp","href":"https:\/\/api.w.org\/{rel}","templated":true}]}}