{"id":19098,"date":"2021-10-31T16:40:29","date_gmt":"2021-10-31T15:40:29","guid":{"rendered":"https:\/\/www.horloscaphe-watches-paris.com\/?post_type=product&#038;p=19098"},"modified":"2026-01-04T15:56:35","modified_gmt":"2026-01-04T14:56:35","slug":"bracelet-caoutchouc-nrb","status":"publish","type":"product","link":"https:\/\/www.horloscaphe-watches-paris.com\/fr\/produit\/bracelet-caoutchouc-nrb\/","title":{"rendered":"Bracelet caoutchouc NRB"},"content":{"rendered":"<p>Le nitrile (NBR) est l&rsquo;\u00e9lastom\u00e8re le plus utilis\u00e9 en \u00e9tanch\u00e9it\u00e9\u00a0 c&rsquo;est la m\u00eame mati\u00e8re dans sont fait les joints d&rsquo;\u00e9tanch\u00e9it\u00e9, gr\u00e2ce \u00e0 son excellente tenue aux huiles et cr\u00e8mes et \u00e0 sa r\u00e9sistance m\u00e9canique.<br \/>\nTest\u00e9 sur un \u00e9tirement avec une charge de 22 Kg.<br \/>\nCaract\u00e9ristiques techniques:<br \/>\n20 mm de large (entrecorne)<br \/>\nMati\u00e8re : nitrile (NBR)<br \/>\nCouleur : Noire<\/p>\n","protected":false},"excerpt":{"rendered":"<p>Le nitrile (NBR) est l&rsquo;\u00e9lastom\u00e8re le plus utilis\u00e9 en \u00e9tanch\u00e9it\u00e9\u00a0 c&rsquo;est la m\u00eame mati\u00e8re dans sont fait les joints d&rsquo;\u00e9tanch\u00e9it\u00e9, gr\u00e2ce \u00e0 son excellente tenue aux huiles et cr\u00e8mes et \u00e0 sa r\u00e9sistance m\u00e9canique. Test\u00e9 sur un \u00e9tirement avec une charge de 22 Kg. Caract\u00e9ristiques techniques: 20 mm de large (entrecorne) Mati\u00e8re : nitrile (NBR) [&hellip;]<\/p>\n","protected":false},"featured_media":19660,"template":"","meta":[],"product_brand":[],"product_cat":[38,171],"product_tag":[],"class_list":{"0":"post-19098","1":"product","2":"type-product","3":"status-publish","4":"has-post-thumbnail","6":"product_cat-bracelet","7":"product_cat-bracelets-caoutchouc","8":"product_shipping_class-bracelet","10":"first","11":"instock","12":"shipping-taxable","13":"purchasable","14":"product-type-simple"},"jetpack_sharing_enabled":true,"_links":{"self":[{"href":"https:\/\/www.horloscaphe-watches-paris.com\/fr\/wp-json\/wp\/v2\/product\/19098","targetHints":{"allow":["GET"]}}],"collection":[{"href":"https:\/\/www.horloscaphe-watches-paris.com\/fr\/wp-json\/wp\/v2\/product"}],"about":[{"href":"https:\/\/www.horloscaphe-watches-paris.com\/fr\/wp-json\/wp\/v2\/types\/product"}],"version-history":[{"count":2,"href":"https:\/\/www.horloscaphe-watches-paris.com\/fr\/wp-json\/wp\/v2\/product\/19098\/revisions"}],"predecessor-version":[{"id":21763,"href":"https:\/\/www.horloscaphe-watches-paris.com\/fr\/wp-json\/wp\/v2\/product\/19098\/revisions\/21763"}],"wp:featuredmedia":[{"embeddable":true,"href":"https:\/\/www.horloscaphe-watches-paris.com\/fr\/wp-json\/wp\/v2\/media\/19660"}],"wp:attachment":[{"href":"https:\/\/www.horloscaphe-watches-paris.com\/fr\/wp-json\/wp\/v2\/media?parent=19098"}],"wp:term":[{"taxonomy":"product_brand","embeddable":true,"href":"https:\/\/www.horloscaphe-watches-paris.com\/fr\/wp-json\/wp\/v2\/product_brand?post=19098"},{"taxonomy":"product_cat","embeddable":true,"href":"https:\/\/www.horloscaphe-watches-paris.com\/fr\/wp-json\/wp\/v2\/product_cat?post=19098"},{"taxonomy":"product_tag","embeddable":true,"href":"https:\/\/www.horloscaphe-watches-paris.com\/fr\/wp-json\/wp\/v2\/product_tag?post=19098"}],"curies":[{"name":"wp","href":"https:\/\/api.w.org\/{rel}","templated":true}]}}