{"id":18861,"date":"2020-12-04T09:14:35","date_gmt":"2020-12-04T08:14:35","guid":{"rendered":"https:\/\/www.horloscaphe-watches-paris.com\/?post_type=product&#038;p=18861"},"modified":"2026-02-12T07:08:24","modified_gmt":"2026-02-12T06:08:24","slug":"bracelet-tropic-bleu","status":"publish","type":"product","link":"https:\/\/www.horloscaphe-watches-paris.com\/fr\/produit\/bracelet-tropic-bleu\/","title":{"rendered":"Bracelet Tropic Bleu"},"content":{"rendered":"<p>Le TPU (ou PU) est un thermoplastique \u00e9lastom\u00e8re qui allie les propri\u00e9t\u00e9s \u00e9lastiques des \u00e9lastom\u00e8res et les propri\u00e9t\u00e9s m\u00e9caniques des plastiques.<\/p>\n<p>La principale propri\u00e9t\u00e9 du PU est son excellente r\u00e9sistance \u00e0 l&rsquo;abrasion et \u00e0 l&rsquo;usure et au d\u00e9chirement , ce qui fait de ce mat\u00e9riau un excellent candidat pour la fabrication de bracelet pour les montres de plong\u00e9e (test\u00e9 sur un \u00e9tirement avec une charge de 22 Kg).<\/p>\n<p>Caract\u00e9ristiques techniques:<br \/>\n20 mm de large (entrecorne)<br \/>\nMati\u00e8re : PTU (thermoplastique \u00e9lastom\u00e8re).<br \/>\nCouleur : Bleue<\/p>\n","protected":false},"excerpt":{"rendered":"<p>Le TPU (ou PU) est un thermoplastique \u00e9lastom\u00e8re qui allie les propri\u00e9t\u00e9s \u00e9lastiques des \u00e9lastom\u00e8res et les propri\u00e9t\u00e9s m\u00e9caniques des plastiques. La principale propri\u00e9t\u00e9 du PU est son excellente r\u00e9sistance \u00e0 l&rsquo;abrasion et \u00e0 l&rsquo;usure et au d\u00e9chirement , ce qui fait de ce mat\u00e9riau un excellent candidat pour la fabrication de bracelet pour les [&hellip;]<\/p>\n","protected":false},"featured_media":19896,"template":"","meta":[],"product_brand":[],"product_cat":[38,90],"product_tag":[],"class_list":{"0":"post-18861","1":"product","2":"type-product","3":"status-publish","4":"has-post-thumbnail","6":"product_cat-bracelet","7":"product_cat-bracelet-tropic","8":"product_shipping_class-bracelet","10":"first","11":"instock","12":"shipping-taxable","13":"purchasable","14":"product-type-simple"},"jetpack_sharing_enabled":true,"_links":{"self":[{"href":"https:\/\/www.horloscaphe-watches-paris.com\/fr\/wp-json\/wp\/v2\/product\/18861","targetHints":{"allow":["GET"]}}],"collection":[{"href":"https:\/\/www.horloscaphe-watches-paris.com\/fr\/wp-json\/wp\/v2\/product"}],"about":[{"href":"https:\/\/www.horloscaphe-watches-paris.com\/fr\/wp-json\/wp\/v2\/types\/product"}],"version-history":[{"count":2,"href":"https:\/\/www.horloscaphe-watches-paris.com\/fr\/wp-json\/wp\/v2\/product\/18861\/revisions"}],"predecessor-version":[{"id":21790,"href":"https:\/\/www.horloscaphe-watches-paris.com\/fr\/wp-json\/wp\/v2\/product\/18861\/revisions\/21790"}],"wp:featuredmedia":[{"embeddable":true,"href":"https:\/\/www.horloscaphe-watches-paris.com\/fr\/wp-json\/wp\/v2\/media\/19896"}],"wp:attachment":[{"href":"https:\/\/www.horloscaphe-watches-paris.com\/fr\/wp-json\/wp\/v2\/media?parent=18861"}],"wp:term":[{"taxonomy":"product_brand","embeddable":true,"href":"https:\/\/www.horloscaphe-watches-paris.com\/fr\/wp-json\/wp\/v2\/product_brand?post=18861"},{"taxonomy":"product_cat","embeddable":true,"href":"https:\/\/www.horloscaphe-watches-paris.com\/fr\/wp-json\/wp\/v2\/product_cat?post=18861"},{"taxonomy":"product_tag","embeddable":true,"href":"https:\/\/www.horloscaphe-watches-paris.com\/fr\/wp-json\/wp\/v2\/product_tag?post=18861"}],"curies":[{"name":"wp","href":"https:\/\/api.w.org\/{rel}","templated":true}]}}