{"id":18745,"date":"2020-08-17T09:37:55","date_gmt":"2020-08-17T07:37:55","guid":{"rendered":"https:\/\/www.horloscaphe-watches-paris.com\/?post_type=product&#038;p=18745"},"modified":"2025-11-15T18:01:08","modified_gmt":"2025-11-15T17:01:08","slug":"bracelet-nato-nylon-gris-raye-bicolore","status":"publish","type":"product","link":"https:\/\/www.horloscaphe-watches-paris.com\/fr\/produit\/bracelet-nato-nylon-gris-raye-bicolore\/","title":{"rendered":"Bracelet NATO Nylon Gris Bicolore Ray\u00e9"},"content":{"rendered":"<p>Mati\u00e8re: nylon<br \/>\nLargeur: 20 mm<br \/>\n\u00c9paisseur: 1,2 mm<br \/>\nLongueur: 280 mm<br \/>\nCouleur: Gris fonc\u00e9\/Gris clair<br \/>\nBoucles: acier inox finition bross\u00e9. Passant \u00e0 6h avec gravure HORLOSCAPHE.<\/p>\n","protected":false},"excerpt":{"rendered":"<p>Mati\u00e8re: nylon Largeur: 20 mm \u00c9paisseur: 1,2 mm Longueur: 280 mm Couleur: Gris fonc\u00e9\/Gris clair Boucles: acier inox finition bross\u00e9. Passant \u00e0 6h avec gravure HORLOSCAPHE.<\/p>\n","protected":false},"featured_media":18846,"template":"","meta":[],"product_brand":[],"product_cat":[38,39],"product_tag":[],"class_list":{"0":"post-18745","1":"product","2":"type-product","3":"status-publish","4":"has-post-thumbnail","6":"product_cat-bracelet","7":"product_cat-bracelet-nato-nylon","8":"product_shipping_class-bracelet","10":"first","11":"instock","12":"shipping-taxable","13":"purchasable","14":"product-type-simple"},"jetpack_sharing_enabled":true,"_links":{"self":[{"href":"https:\/\/www.horloscaphe-watches-paris.com\/fr\/wp-json\/wp\/v2\/product\/18745","targetHints":{"allow":["GET"]}}],"collection":[{"href":"https:\/\/www.horloscaphe-watches-paris.com\/fr\/wp-json\/wp\/v2\/product"}],"about":[{"href":"https:\/\/www.horloscaphe-watches-paris.com\/fr\/wp-json\/wp\/v2\/types\/product"}],"version-history":[{"count":1,"href":"https:\/\/www.horloscaphe-watches-paris.com\/fr\/wp-json\/wp\/v2\/product\/18745\/revisions"}],"predecessor-version":[{"id":21791,"href":"https:\/\/www.horloscaphe-watches-paris.com\/fr\/wp-json\/wp\/v2\/product\/18745\/revisions\/21791"}],"wp:featuredmedia":[{"embeddable":true,"href":"https:\/\/www.horloscaphe-watches-paris.com\/fr\/wp-json\/wp\/v2\/media\/18846"}],"wp:attachment":[{"href":"https:\/\/www.horloscaphe-watches-paris.com\/fr\/wp-json\/wp\/v2\/media?parent=18745"}],"wp:term":[{"taxonomy":"product_brand","embeddable":true,"href":"https:\/\/www.horloscaphe-watches-paris.com\/fr\/wp-json\/wp\/v2\/product_brand?post=18745"},{"taxonomy":"product_cat","embeddable":true,"href":"https:\/\/www.horloscaphe-watches-paris.com\/fr\/wp-json\/wp\/v2\/product_cat?post=18745"},{"taxonomy":"product_tag","embeddable":true,"href":"https:\/\/www.horloscaphe-watches-paris.com\/fr\/wp-json\/wp\/v2\/product_tag?post=18745"}],"curies":[{"name":"wp","href":"https:\/\/api.w.org\/{rel}","templated":true}]}}