{"id":18739,"date":"2020-08-17T09:18:22","date_gmt":"2020-08-17T07:18:22","guid":{"rendered":"https:\/\/www.horloscaphe-watches-paris.com\/?post_type=product&#038;p=18739"},"modified":"2026-02-05T14:27:05","modified_gmt":"2026-02-05T13:27:05","slug":"bracelet-nato-nylon-bleu","status":"publish","type":"product","link":"https:\/\/www.horloscaphe-watches-paris.com\/fr\/produit\/bracelet-nato-nylon-bleu\/","title":{"rendered":"Bracelet NATO Nylon Bleu"},"content":{"rendered":"<p>Mati\u00e8re: nylon<br \/>\nLargeur: 20 mm<br \/>\n\u00c9paisseur: 1,2 mm<br \/>\nLongueur: 280 mm<br \/>\nCouleur: Bleue<br \/>\nBoucles: acier inox finition bross\u00e9. Passant \u00e0 6h avec gravure HORLOSCAPHE.<\/p>\n","protected":false},"excerpt":{"rendered":"<p>Mati\u00e8re: nylon Largeur: 20 mm \u00c9paisseur: 1,2 mm Longueur: 280 mm Couleur: Bleue Boucles: acier inox finition bross\u00e9. Passant \u00e0 6h avec gravure HORLOSCAPHE.<\/p>\n","protected":false},"featured_media":18840,"template":"","meta":[],"product_brand":[],"product_cat":[38,39],"product_tag":[],"class_list":{"0":"post-18739","1":"product","2":"type-product","3":"status-publish","4":"has-post-thumbnail","6":"product_cat-bracelet","7":"product_cat-bracelet-nato-nylon","8":"product_shipping_class-bracelet","10":"first","11":"instock","12":"shipping-taxable","13":"purchasable","14":"product-type-simple"},"jetpack_sharing_enabled":true,"_links":{"self":[{"href":"https:\/\/www.horloscaphe-watches-paris.com\/fr\/wp-json\/wp\/v2\/product\/18739","targetHints":{"allow":["GET"]}}],"collection":[{"href":"https:\/\/www.horloscaphe-watches-paris.com\/fr\/wp-json\/wp\/v2\/product"}],"about":[{"href":"https:\/\/www.horloscaphe-watches-paris.com\/fr\/wp-json\/wp\/v2\/types\/product"}],"version-history":[{"count":2,"href":"https:\/\/www.horloscaphe-watches-paris.com\/fr\/wp-json\/wp\/v2\/product\/18739\/revisions"}],"predecessor-version":[{"id":22250,"href":"https:\/\/www.horloscaphe-watches-paris.com\/fr\/wp-json\/wp\/v2\/product\/18739\/revisions\/22250"}],"wp:featuredmedia":[{"embeddable":true,"href":"https:\/\/www.horloscaphe-watches-paris.com\/fr\/wp-json\/wp\/v2\/media\/18840"}],"wp:attachment":[{"href":"https:\/\/www.horloscaphe-watches-paris.com\/fr\/wp-json\/wp\/v2\/media?parent=18739"}],"wp:term":[{"taxonomy":"product_brand","embeddable":true,"href":"https:\/\/www.horloscaphe-watches-paris.com\/fr\/wp-json\/wp\/v2\/product_brand?post=18739"},{"taxonomy":"product_cat","embeddable":true,"href":"https:\/\/www.horloscaphe-watches-paris.com\/fr\/wp-json\/wp\/v2\/product_cat?post=18739"},{"taxonomy":"product_tag","embeddable":true,"href":"https:\/\/www.horloscaphe-watches-paris.com\/fr\/wp-json\/wp\/v2\/product_tag?post=18739"}],"curies":[{"name":"wp","href":"https:\/\/api.w.org\/{rel}","templated":true}]}}