{"id":18723,"date":"2020-08-17T09:11:58","date_gmt":"2020-08-17T07:11:58","guid":{"rendered":"https:\/\/www.horloscaphe-watches-paris.com\/?post_type=product&#038;p=18723"},"modified":"2026-01-10T12:31:09","modified_gmt":"2026-01-10T11:31:09","slug":"bracelet-nato-nylon-jaune","status":"publish","type":"product","link":"https:\/\/www.horloscaphe-watches-paris.com\/fr\/produit\/bracelet-nato-nylon-jaune\/","title":{"rendered":"Bracelet NATO Nylon Jaune"},"content":{"rendered":"<p>Mati\u00e8re: nylon<br \/>\nLargeur: 20 mm<br \/>\n\u00c9paisseur: 1,2 mm<br \/>\nLongueur: 280 mm<br \/>\nCouleur: jaune<br \/>\nBoucles: acier inox finition bross\u00e9. Passant \u00e0 6h avec gravure HORLOSCAPHE.<\/p>\n","protected":false},"excerpt":{"rendered":"<p>Mati\u00e8re: nylon Largeur: 20 mm \u00c9paisseur: 1,2 mm Longueur: 280 mm Couleur: jaune Boucles: acier inox finition bross\u00e9. Passant \u00e0 6h avec gravure HORLOSCAPHE.<\/p>\n","protected":false},"featured_media":18832,"template":"","meta":[],"product_brand":[],"product_cat":[38,39],"product_tag":[],"class_list":{"0":"post-18723","1":"product","2":"type-product","3":"status-publish","4":"has-post-thumbnail","6":"product_cat-bracelet","7":"product_cat-bracelet-nato-nylon","8":"product_shipping_class-bracelet","10":"first","11":"instock","12":"shipping-taxable","13":"purchasable","14":"product-type-simple"},"jetpack_sharing_enabled":true,"_links":{"self":[{"href":"https:\/\/www.horloscaphe-watches-paris.com\/fr\/wp-json\/wp\/v2\/product\/18723","targetHints":{"allow":["GET"]}}],"collection":[{"href":"https:\/\/www.horloscaphe-watches-paris.com\/fr\/wp-json\/wp\/v2\/product"}],"about":[{"href":"https:\/\/www.horloscaphe-watches-paris.com\/fr\/wp-json\/wp\/v2\/types\/product"}],"version-history":[{"count":1,"href":"https:\/\/www.horloscaphe-watches-paris.com\/fr\/wp-json\/wp\/v2\/product\/18723\/revisions"}],"predecessor-version":[{"id":21797,"href":"https:\/\/www.horloscaphe-watches-paris.com\/fr\/wp-json\/wp\/v2\/product\/18723\/revisions\/21797"}],"wp:featuredmedia":[{"embeddable":true,"href":"https:\/\/www.horloscaphe-watches-paris.com\/fr\/wp-json\/wp\/v2\/media\/18832"}],"wp:attachment":[{"href":"https:\/\/www.horloscaphe-watches-paris.com\/fr\/wp-json\/wp\/v2\/media?parent=18723"}],"wp:term":[{"taxonomy":"product_brand","embeddable":true,"href":"https:\/\/www.horloscaphe-watches-paris.com\/fr\/wp-json\/wp\/v2\/product_brand?post=18723"},{"taxonomy":"product_cat","embeddable":true,"href":"https:\/\/www.horloscaphe-watches-paris.com\/fr\/wp-json\/wp\/v2\/product_cat?post=18723"},{"taxonomy":"product_tag","embeddable":true,"href":"https:\/\/www.horloscaphe-watches-paris.com\/fr\/wp-json\/wp\/v2\/product_tag?post=18723"}],"curies":[{"name":"wp","href":"https:\/\/api.w.org\/{rel}","templated":true}]}}