{"id":16423,"date":"2019-09-21T14:04:41","date_gmt":"2019-09-21T12:04:41","guid":{"rendered":"https:\/\/www.horloscaphe-watches-paris.com\/?post_type=product&#038;p=16423"},"modified":"2025-08-26T17:28:06","modified_gmt":"2025-08-26T15:28:06","slug":"bracelet-nato-noir","status":"publish","type":"product","link":"https:\/\/www.horloscaphe-watches-paris.com\/fr\/produit\/bracelet-nato-noir\/","title":{"rendered":"Bracelet NATO Nylon Noir"},"content":{"rendered":"<p>Mati\u00e8re: nylon<br \/>\nLargeur: 20 mm<br \/>\n\u00c9paisseur: 1,2 mm<br \/>\nLongueur: 280 mm<br \/>\nCouleur: noire<br \/>\nBoucles: acier inox finition bross\u00e9. Passant \u00e0 6h avec gravure HORLOSCAPHE.<\/p>\n","protected":false},"excerpt":{"rendered":"<p>Mati\u00e8re: nylon Largeur: 20 mm \u00c9paisseur: 1,2 mm Longueur: 280 mm Couleur: noire Boucles: acier inox finition bross\u00e9. Passant \u00e0 6h avec gravure HORLOSCAPHE.<\/p>\n","protected":false},"featured_media":18844,"template":"","meta":[],"product_brand":[],"product_cat":[38,39],"product_tag":[],"class_list":{"0":"post-16423","1":"product","2":"type-product","3":"status-publish","4":"has-post-thumbnail","6":"product_cat-bracelet","7":"product_cat-bracelet-nato-nylon","8":"product_shipping_class-bracelet","10":"first","11":"outofstock","12":"shipping-taxable","13":"purchasable","14":"product-type-simple"},"jetpack_sharing_enabled":true,"_links":{"self":[{"href":"https:\/\/www.horloscaphe-watches-paris.com\/fr\/wp-json\/wp\/v2\/product\/16423","targetHints":{"allow":["GET"]}}],"collection":[{"href":"https:\/\/www.horloscaphe-watches-paris.com\/fr\/wp-json\/wp\/v2\/product"}],"about":[{"href":"https:\/\/www.horloscaphe-watches-paris.com\/fr\/wp-json\/wp\/v2\/types\/product"}],"version-history":[{"count":1,"href":"https:\/\/www.horloscaphe-watches-paris.com\/fr\/wp-json\/wp\/v2\/product\/16423\/revisions"}],"predecessor-version":[{"id":21798,"href":"https:\/\/www.horloscaphe-watches-paris.com\/fr\/wp-json\/wp\/v2\/product\/16423\/revisions\/21798"}],"wp:featuredmedia":[{"embeddable":true,"href":"https:\/\/www.horloscaphe-watches-paris.com\/fr\/wp-json\/wp\/v2\/media\/18844"}],"wp:attachment":[{"href":"https:\/\/www.horloscaphe-watches-paris.com\/fr\/wp-json\/wp\/v2\/media?parent=16423"}],"wp:term":[{"taxonomy":"product_brand","embeddable":true,"href":"https:\/\/www.horloscaphe-watches-paris.com\/fr\/wp-json\/wp\/v2\/product_brand?post=16423"},{"taxonomy":"product_cat","embeddable":true,"href":"https:\/\/www.horloscaphe-watches-paris.com\/fr\/wp-json\/wp\/v2\/product_cat?post=16423"},{"taxonomy":"product_tag","embeddable":true,"href":"https:\/\/www.horloscaphe-watches-paris.com\/fr\/wp-json\/wp\/v2\/product_tag?post=16423"}],"curies":[{"name":"wp","href":"https:\/\/api.w.org\/{rel}","templated":true}]}}