{"id":21700,"date":"2024-01-30T11:52:46","date_gmt":"2024-01-30T10:52:46","guid":{"rendered":"https:\/\/www.horloscaphe-watches-paris.com\/accueil\/"},"modified":"2025-07-11T06:36:11","modified_gmt":"2025-07-11T04:36:11","slug":"accueil","status":"publish","type":"page","link":"https:\/\/www.horloscaphe-watches-paris.com\/fr\/","title":{"rendered":"Accueil"},"content":{"rendered":"\t\t<div data-elementor-type=\"wp-page\" data-elementor-id=\"21700\" class=\"elementor elementor-21700 elementor-21454\" data-elementor-post-type=\"page\">\n\t\t\t\t<div class=\"elementor-element elementor-element-79454444 e-con-full e-flex e-con e-parent\" data-id=\"79454444\" data-element_type=\"container\" data-e-type=\"container\" data-settings=\"{&quot;background_background&quot;:&quot;classic&quot;}\">\n\t\t<div class=\"elementor-element elementor-element-16b0d0b7 e-con-full e-flex e-con e-child\" data-id=\"16b0d0b7\" data-element_type=\"container\" data-e-type=\"container\">\n\t\t\t\t<div class=\"elementor-element elementor-element-47375a95 elementor-widget elementor-widget-heading\" data-id=\"47375a95\" data-element_type=\"widget\" data-e-type=\"widget\" data-widget_type=\"heading.default\">\n\t\t\t\t<div class=\"elementor-widget-container\">\n\t\t\t\t\t<h2 class=\"elementor-heading-title elementor-size-default\">NC 003 FLUIDE<\/h2>\t\t\t\t<\/div>\n\t\t\t\t<\/div>\n\t\t\t\t<div class=\"elementor-element elementor-element-25616c18 elementor-widget__width-initial elementor-widget elementor-widget-text-editor\" data-id=\"25616c18\" data-element_type=\"widget\" data-e-type=\"widget\" data-widget_type=\"text-editor.default\">\n\t\t\t\t<div class=\"elementor-widget-container\">\n\t\t\t\t\t\t\t\t\t<p>Fid\u00e8le \u00e0 sa philosophie, Horloscaphe s&rsquo;inspire des instruments de plong\u00e9e sous-marine pour la version fluide du mod\u00e8le NC003.<\/p>\t\t\t\t\t\t\t\t<\/div>\n\t\t\t\t<\/div>\n\t\t\t\t<div class=\"elementor-element elementor-element-7b43a354 elementor-widget elementor-widget-button\" data-id=\"7b43a354\" data-element_type=\"widget\" data-e-type=\"widget\" data-widget_type=\"button.default\">\n\t\t\t\t<div class=\"elementor-widget-container\">\n\t\t\t\t\t\t\t\t\t<div class=\"elementor-button-wrapper\">\n\t\t\t\t\t<a class=\"elementor-button elementor-button-link elementor-size-sm\" href=\"https:\/\/www.horloscaphe-watches-paris.com\/fr\/produit\/montre-plongee-militaire-made-in-france-nc-003-fluide\/\">\n\t\t\t\t\t\t<span class=\"elementor-button-content-wrapper\">\n\t\t\t\t\t\t\t\t\t<span class=\"elementor-button-text\">D\u00c9COUVRIR<\/span>\n\t\t\t\t\t<\/span>\n\t\t\t\t\t<\/a>\n\t\t\t\t<\/div>\n\t\t\t\t\t\t\t\t<\/div>\n\t\t\t\t<\/div>\n\t\t\t\t<\/div>\n\t\t<div class=\"elementor-element elementor-element-21371103 e-con-full elementor-hidden-mobile elementor-hidden-tablet e-flex e-con e-child\" data-id=\"21371103\" data-element_type=\"container\" data-e-type=\"container\">\n\t\t\t\t<\/div>\n\t\t\t\t<\/div>\n\t\t<div class=\"elementor-element elementor-element-4c400644 e-con-full e-flex e-con e-parent\" data-id=\"4c400644\" data-element_type=\"container\" data-e-type=\"container\">\n\t\t\t\t<div class=\"elementor-element elementor-element-19fa2806 elementor-widget elementor-widget-heading\" data-id=\"19fa2806\" data-element_type=\"widget\" data-e-type=\"widget\" data-widget_type=\"heading.default\">\n\t\t\t\t<div class=\"elementor-widget-container\">\n\t\t\t\t\t<h2 class=\"elementor-heading-title elementor-size-default\">Nos montres<\/h2>\t\t\t\t<\/div>\n\t\t\t\t<\/div>\n\t\t\t\t<\/div>\n\t\t<div class=\"elementor-element elementor-element-16abf3f e-flex e-con-boxed e-con e-parent\" data-id=\"16abf3f\" data-element_type=\"container\" data-e-type=\"container\">\n\t\t\t\t\t<div class=\"e-con-inner\">\n\t\t<div class=\"elementor-element elementor-element-a252ac1 e-con-full elementor-hidden-desktop elementor-hidden-tablet elementor-hidden-mobile e-flex e-con e-child\" data-id=\"a252ac1\" data-element_type=\"container\" data-e-type=\"container\">\n\t\t\t\t<div class=\"elementor-element elementor-element-aaadf69 elementor-widget elementor-widget-image\" data-id=\"aaadf69\" data-element_type=\"widget\" data-e-type=\"widget\" data-widget_type=\"image.default\">\n\t\t\t\t<div class=\"elementor-widget-container\">\n\t\t\t\t\t\t\t\t\t\t\t\t\t\t\t\t<a href=\"https:\/\/www.horloscaphe-watches-paris.com\/fr\/product-category\/montres\/nc-001-fr\/\">\n\t\t\t\t\t\t\t<img fetchpriority=\"high\" decoding=\"async\" width=\"800\" height=\"534\" src=\"https:\/\/www.horloscaphe-watches-paris.com\/wp-content\/uploads\/2024\/02\/IMG_0862-1024x683.jpg\" class=\"attachment-large size-large wp-image-21623\" alt=\"NC001 watch orange\" srcset=\"https:\/\/www.horloscaphe-watches-paris.com\/wp-content\/uploads\/2024\/02\/IMG_0862-1024x683.jpg 1024w, https:\/\/www.horloscaphe-watches-paris.com\/wp-content\/uploads\/2024\/02\/IMG_0862-scaled-600x400.jpg 600w, https:\/\/www.horloscaphe-watches-paris.com\/wp-content\/uploads\/2024\/02\/IMG_0862-300x200.jpg 300w, https:\/\/www.horloscaphe-watches-paris.com\/wp-content\/uploads\/2024\/02\/IMG_0862-768x512.jpg 768w, https:\/\/www.horloscaphe-watches-paris.com\/wp-content\/uploads\/2024\/02\/IMG_0862-1536x1024.jpg 1536w, https:\/\/www.horloscaphe-watches-paris.com\/wp-content\/uploads\/2024\/02\/IMG_0862-2048x1365.jpg 2048w\" sizes=\"(max-width: 800px) 100vw, 800px\" \/>\t\t\t\t\t\t\t\t<\/a>\n\t\t\t\t\t\t\t\t\t\t\t\t\t\t\t<\/div>\n\t\t\t\t<\/div>\n\t\t\t\t<div class=\"elementor-element elementor-element-a7d90c5 elementor-widget elementor-widget-text-editor\" data-id=\"a7d90c5\" data-element_type=\"widget\" data-e-type=\"widget\" data-widget_type=\"text-editor.default\">\n\t\t\t\t<div class=\"elementor-widget-container\">\n\t\t\t\t\t\t\t\t\t<h2><strong>NC&nbsp; 001<\/strong><\/h2>\t\t\t\t\t\t\t\t<\/div>\n\t\t\t\t<\/div>\n\t\t\t\t<div class=\"elementor-element elementor-element-6033114 elementor-widget elementor-widget-button\" data-id=\"6033114\" data-element_type=\"widget\" data-e-type=\"widget\" data-widget_type=\"button.default\">\n\t\t\t\t<div class=\"elementor-widget-container\">\n\t\t\t\t\t\t\t\t\t<div class=\"elementor-button-wrapper\">\n\t\t\t\t\t<a class=\"elementor-button elementor-button-link elementor-size-sm\" href=\"https:\/\/www.horloscaphe-watches-paris.com\/fr\/product-category\/montres\/nc-001-fr\/\">\n\t\t\t\t\t\t<span class=\"elementor-button-content-wrapper\">\n\t\t\t\t\t\t\t\t\t<span class=\"elementor-button-text\">D\u00e9couvrir<\/span>\n\t\t\t\t\t<\/span>\n\t\t\t\t\t<\/a>\n\t\t\t\t<\/div>\n\t\t\t\t\t\t\t\t<\/div>\n\t\t\t\t<\/div>\n\t\t\t\t<\/div>\n\t\t<div class=\"elementor-element elementor-element-bcf0734 e-con-full e-flex e-con e-child\" data-id=\"bcf0734\" data-element_type=\"container\" data-e-type=\"container\">\n\t\t\t\t<div class=\"elementor-element elementor-element-9136a5b elementor-widget elementor-widget-image\" data-id=\"9136a5b\" data-element_type=\"widget\" data-e-type=\"widget\" data-widget_type=\"image.default\">\n\t\t\t\t<div class=\"elementor-widget-container\">\n\t\t\t\t\t\t\t\t\t\t\t\t\t\t\t\t<a href=\"https:\/\/www.horloscaphe-watches-paris.com\/fr\/product-category\/montres\/nc002-2-fr\/\">\n\t\t\t\t\t\t\t<img decoding=\"async\" width=\"800\" height=\"534\" src=\"https:\/\/www.horloscaphe-watches-paris.com\/wp-content\/uploads\/2023\/11\/IMG_0834-1024x683.jpg\" class=\"attachment-large size-large wp-image-21065\" alt=\"\" srcset=\"https:\/\/www.horloscaphe-watches-paris.com\/wp-content\/uploads\/2023\/11\/IMG_0834-1024x683.jpg 1024w, https:\/\/www.horloscaphe-watches-paris.com\/wp-content\/uploads\/2023\/11\/IMG_0834-scaled-600x400.jpg 600w, https:\/\/www.horloscaphe-watches-paris.com\/wp-content\/uploads\/2023\/11\/IMG_0834-300x200.jpg 300w, https:\/\/www.horloscaphe-watches-paris.com\/wp-content\/uploads\/2023\/11\/IMG_0834-768x512.jpg 768w, https:\/\/www.horloscaphe-watches-paris.com\/wp-content\/uploads\/2023\/11\/IMG_0834-1536x1024.jpg 1536w, https:\/\/www.horloscaphe-watches-paris.com\/wp-content\/uploads\/2023\/11\/IMG_0834-2048x1365.jpg 2048w\" sizes=\"(max-width: 800px) 100vw, 800px\" \/>\t\t\t\t\t\t\t\t<\/a>\n\t\t\t\t\t\t\t\t\t\t\t\t\t\t\t<\/div>\n\t\t\t\t<\/div>\n\t\t\t\t<div class=\"elementor-element elementor-element-9a2465d elementor-widget elementor-widget-text-editor\" data-id=\"9a2465d\" data-element_type=\"widget\" data-e-type=\"widget\" data-widget_type=\"text-editor.default\">\n\t\t\t\t<div class=\"elementor-widget-container\">\n\t\t\t\t\t\t\t\t\t<h2><strong>NC 002<\/strong><\/h2>\t\t\t\t\t\t\t\t<\/div>\n\t\t\t\t<\/div>\n\t\t\t\t<div class=\"elementor-element elementor-element-ef3f0df elementor-widget elementor-widget-button\" data-id=\"ef3f0df\" data-element_type=\"widget\" data-e-type=\"widget\" data-widget_type=\"button.default\">\n\t\t\t\t<div class=\"elementor-widget-container\">\n\t\t\t\t\t\t\t\t\t<div class=\"elementor-button-wrapper\">\n\t\t\t\t\t<a class=\"elementor-button elementor-button-link elementor-size-sm\" href=\"https:\/\/www.horloscaphe-watches-paris.com\/fr\/product-category\/montres\/nc002-2-fr\/\">\n\t\t\t\t\t\t<span class=\"elementor-button-content-wrapper\">\n\t\t\t\t\t\t\t\t\t<span class=\"elementor-button-text\">D\u00e9couvrir<\/span>\n\t\t\t\t\t<\/span>\n\t\t\t\t\t<\/a>\n\t\t\t\t<\/div>\n\t\t\t\t\t\t\t\t<\/div>\n\t\t\t\t<\/div>\n\t\t\t\t<\/div>\n\t\t<div class=\"elementor-element elementor-element-04b28e3 e-con-full e-flex e-con e-child\" data-id=\"04b28e3\" data-element_type=\"container\" data-e-type=\"container\">\n\t\t\t\t<div class=\"elementor-element elementor-element-9a655a5 elementor-widget elementor-widget-image\" data-id=\"9a655a5\" data-element_type=\"widget\" data-e-type=\"widget\" data-widget_type=\"image.default\">\n\t\t\t\t<div class=\"elementor-widget-container\">\n\t\t\t\t\t\t\t\t\t\t\t\t\t\t\t\t<a href=\"https:\/\/www.horloscaphe-watches-paris.com\/fr\/product-category\/montres\/nc003\/\">\n\t\t\t\t\t\t\t<img decoding=\"async\" width=\"800\" height=\"534\" src=\"https:\/\/www.horloscaphe-watches-paris.com\/wp-content\/uploads\/2023\/11\/IMG_0836-1024x683.jpg\" class=\"attachment-large size-large wp-image-21061\" alt=\"\" srcset=\"https:\/\/www.horloscaphe-watches-paris.com\/wp-content\/uploads\/2023\/11\/IMG_0836-1024x683.jpg 1024w, https:\/\/www.horloscaphe-watches-paris.com\/wp-content\/uploads\/2023\/11\/IMG_0836-scaled-600x400.jpg 600w, https:\/\/www.horloscaphe-watches-paris.com\/wp-content\/uploads\/2023\/11\/IMG_0836-300x200.jpg 300w, https:\/\/www.horloscaphe-watches-paris.com\/wp-content\/uploads\/2023\/11\/IMG_0836-768x512.jpg 768w, https:\/\/www.horloscaphe-watches-paris.com\/wp-content\/uploads\/2023\/11\/IMG_0836-1536x1024.jpg 1536w, https:\/\/www.horloscaphe-watches-paris.com\/wp-content\/uploads\/2023\/11\/IMG_0836-2048x1365.jpg 2048w\" sizes=\"(max-width: 800px) 100vw, 800px\" \/>\t\t\t\t\t\t\t\t<\/a>\n\t\t\t\t\t\t\t\t\t\t\t\t\t\t\t<\/div>\n\t\t\t\t<\/div>\n\t\t\t\t<div class=\"elementor-element elementor-element-a84464b elementor-widget elementor-widget-text-editor\" data-id=\"a84464b\" data-element_type=\"widget\" data-e-type=\"widget\" data-widget_type=\"text-editor.default\">\n\t\t\t\t<div class=\"elementor-widget-container\">\n\t\t\t\t\t\t\t\t\t<h2><strong>NC 003<\/strong><\/h2>\t\t\t\t\t\t\t\t<\/div>\n\t\t\t\t<\/div>\n\t\t\t\t<div class=\"elementor-element elementor-element-b490958 elementor-widget elementor-widget-button\" data-id=\"b490958\" data-element_type=\"widget\" data-e-type=\"widget\" data-widget_type=\"button.default\">\n\t\t\t\t<div class=\"elementor-widget-container\">\n\t\t\t\t\t\t\t\t\t<div class=\"elementor-button-wrapper\">\n\t\t\t\t\t<a class=\"elementor-button elementor-button-link elementor-size-sm\" href=\"https:\/\/www.horloscaphe-watches-paris.com\/fr\/product-category\/montres\/nc003\/\">\n\t\t\t\t\t\t<span class=\"elementor-button-content-wrapper\">\n\t\t\t\t\t\t\t\t\t<span class=\"elementor-button-text\">D\u00e9couvrir<\/span>\n\t\t\t\t\t<\/span>\n\t\t\t\t\t<\/a>\n\t\t\t\t<\/div>\n\t\t\t\t\t\t\t\t<\/div>\n\t\t\t\t<\/div>\n\t\t\t\t<\/div>\n\t\t\t\t\t<\/div>\n\t\t\t\t<\/div>\n\t\t<div class=\"elementor-element elementor-element-9dd55c1 e-con-full e-flex e-con e-parent\" data-id=\"9dd55c1\" data-element_type=\"container\" data-e-type=\"container\" data-settings=\"{&quot;background_background&quot;:&quot;classic&quot;}\">\n\t\t<div class=\"elementor-element elementor-element-e3b0590 e-flex e-con-boxed e-con e-child\" data-id=\"e3b0590\" data-element_type=\"container\" data-e-type=\"container\">\n\t\t\t\t\t<div class=\"e-con-inner\">\n\t\t\t\t<div class=\"elementor-element elementor-element-919f286 elementor-widget elementor-widget-heading\" data-id=\"919f286\" data-element_type=\"widget\" data-e-type=\"widget\" data-widget_type=\"heading.default\">\n\t\t\t\t<div class=\"elementor-widget-container\">\n\t\t\t\t\t<h2 class=\"elementor-heading-title elementor-size-default\">LA RENCONTRE DE DEUX PASSIONS<\/h2>\t\t\t\t<\/div>\n\t\t\t\t<\/div>\n\t\t\t\t<div class=\"elementor-element elementor-element-f3e8cbd elementor-blockquote--skin-quotation elementor-blockquote--align-center elementor-widget elementor-widget-blockquote\" data-id=\"f3e8cbd\" data-element_type=\"widget\" data-e-type=\"widget\" data-widget_type=\"blockquote.default\">\n\t\t\t\t<div class=\"elementor-widget-container\">\n\t\t\t\t\t\t\t<blockquote class=\"elementor-blockquote\">\n\t\t\t<p class=\"elementor-blockquote__content\">\n\t\t\t\tMon projet est de cr\u00e9er une montre en utilisant l'exp\u00e9rience acquise au sein des centres clients des grandes marques\n, gr\u00e2ce aux anciens horlogers que j'ai c\u00f4toy\u00e9s et aux pr\u00e9cieux secrets de l'\u00e9tabli.\t\t\t<\/p>\n\t\t\t\t\t\t\t<div class=\"e-q-footer\">\n\t\t\t\t\t\t\t\t\t\t\t<cite class=\"elementor-blockquote__author\">Hac\u00e8ne Mouhoubi, Founder &amp; Designer Horloscaphe Watches<\/cite>\n\t\t\t\t\t\t\t\t\t\t\t\t\t\t<\/div>\n\t\t\t\t\t<\/blockquote>\n\t\t\t\t\t\t<\/div>\n\t\t\t\t<\/div>\n\t\t\t\t\t<\/div>\n\t\t\t\t<\/div>\n\t\t\t\t<\/div>\n\t\t<div class=\"elementor-element elementor-element-3981260 e-flex e-con-boxed e-con e-parent\" data-id=\"3981260\" data-element_type=\"container\" data-e-type=\"container\">\n\t\t\t\t\t<div class=\"e-con-inner\">\n\t\t<div class=\"elementor-element elementor-element-83ffc06 e-con-full e-flex e-con e-child\" data-id=\"83ffc06\" data-element_type=\"container\" data-e-type=\"container\">\n\t\t\t\t<div class=\"elementor-element elementor-element-5233acf elementor-widget elementor-widget-text-editor\" data-id=\"5233acf\" data-element_type=\"widget\" data-e-type=\"widget\" data-widget_type=\"text-editor.default\">\n\t\t\t\t<div class=\"elementor-widget-container\">\n\t\t\t\t\t\t\t\t\t<p>Hac\u00e8ne Mouhoubi, un horloger passionn\u00e9 par la plong\u00e9e sous-marine, cr\u00e9e Horloscaphe en 2017 et puise son inspiration dans le monde de la plong\u00e9e militaire et les instruments de navigation sous-marine.<\/p>\t\t\t\t\t\t\t\t<\/div>\n\t\t\t\t<\/div>\n\t\t\t\t<div class=\"elementor-element elementor-element-e92919f elementor-widget elementor-widget-button\" data-id=\"e92919f\" data-element_type=\"widget\" data-e-type=\"widget\" data-widget_type=\"button.default\">\n\t\t\t\t<div class=\"elementor-widget-container\">\n\t\t\t\t\t\t\t\t\t<div class=\"elementor-button-wrapper\">\n\t\t\t\t\t<a class=\"elementor-button elementor-button-link elementor-size-sm\" href=\"https:\/\/www.horloscaphe-watches-paris.com\/fr\/a-propos-de\/\">\n\t\t\t\t\t\t<span class=\"elementor-button-content-wrapper\">\n\t\t\t\t\t\t\t\t\t<span class=\"elementor-button-text\">En savoir plus<\/span>\n\t\t\t\t\t<\/span>\n\t\t\t\t\t<\/a>\n\t\t\t\t<\/div>\n\t\t\t\t\t\t\t\t<\/div>\n\t\t\t\t<\/div>\n\t\t\t\t<\/div>\n\t\t<div class=\"elementor-element elementor-element-42ecadf e-con-full e-flex e-con e-child\" data-id=\"42ecadf\" data-element_type=\"container\" data-e-type=\"container\">\n\t\t\t\t<div class=\"elementor-element elementor-element-00422dd elementor-widget elementor-widget-image\" data-id=\"00422dd\" data-element_type=\"widget\" data-e-type=\"widget\" data-widget_type=\"image.default\">\n\t\t\t\t<div class=\"elementor-widget-container\">\n\t\t\t\t\t\t\t\t\t\t\t\t\t\t\t<img loading=\"lazy\" decoding=\"async\" width=\"800\" height=\"450\" src=\"https:\/\/www.horloscaphe-watches-paris.com\/wp-content\/uploads\/2018\/09\/rightpassion-large-1024x576.jpg\" class=\"attachment-large size-large wp-image-15768\" alt=\"HACENE-HORLOSCAPHE-WATCH-MAKER\" srcset=\"https:\/\/www.horloscaphe-watches-paris.com\/wp-content\/uploads\/2018\/09\/rightpassion-large-1024x576.jpg 1024w, https:\/\/www.horloscaphe-watches-paris.com\/wp-content\/uploads\/2018\/09\/rightpassion-large-600x338.jpg 600w, https:\/\/www.horloscaphe-watches-paris.com\/wp-content\/uploads\/2018\/09\/rightpassion-large-300x169.jpg 300w, https:\/\/www.horloscaphe-watches-paris.com\/wp-content\/uploads\/2018\/09\/rightpassion-large-768x432.jpg 768w, https:\/\/www.horloscaphe-watches-paris.com\/wp-content\/uploads\/2018\/09\/rightpassion-large.jpg 1920w\" sizes=\"(max-width: 800px) 100vw, 800px\" \/>\t\t\t\t\t\t\t\t\t\t\t\t\t\t\t<\/div>\n\t\t\t\t<\/div>\n\t\t\t\t<\/div>\n\t\t\t\t\t<\/div>\n\t\t\t\t<\/div>\n\t\t<div class=\"elementor-element elementor-element-ba78ed1 e-flex e-con-boxed e-con e-parent\" data-id=\"ba78ed1\" data-element_type=\"container\" data-e-type=\"container\">\n\t\t\t\t\t<div class=\"e-con-inner\">\n\t\t\t\t\t<\/div>\n\t\t\t\t<\/div>\n\t\t\t\t<\/div>\n\t\t","protected":false},"excerpt":{"rendered":"<p>NC 003 FLUIDE Fid\u00e8le \u00e0 sa philosophie, Horloscaphe s&rsquo;inspire des instruments de plong\u00e9e sous-marine pour la version fluide du mod\u00e8le NC003. D\u00c9COUVRIR Nos montres NC&nbsp; 001 D\u00e9couvrir NC 002 D\u00e9couvrir NC 003 D\u00e9couvrir LA RENCONTRE DE DEUX PASSIONS Mon projet est de cr\u00e9er une montre en utilisant l&rsquo;exp\u00e9rience acquise au sein des centres clients des [&hellip;]<\/p>\n","protected":false},"author":2,"featured_media":0,"parent":0,"menu_order":0,"comment_status":"closed","ping_status":"closed","template":"elementor_header_footer","meta":{"footnotes":""},"class_list":["post-21700","page","type-page","status-publish","hentry"],"jetpack_sharing_enabled":true,"_links":{"self":[{"href":"https:\/\/www.horloscaphe-watches-paris.com\/fr\/wp-json\/wp\/v2\/pages\/21700","targetHints":{"allow":["GET"]}}],"collection":[{"href":"https:\/\/www.horloscaphe-watches-paris.com\/fr\/wp-json\/wp\/v2\/pages"}],"about":[{"href":"https:\/\/www.horloscaphe-watches-paris.com\/fr\/wp-json\/wp\/v2\/types\/page"}],"author":[{"embeddable":true,"href":"https:\/\/www.horloscaphe-watches-paris.com\/fr\/wp-json\/wp\/v2\/users\/2"}],"replies":[{"embeddable":true,"href":"https:\/\/www.horloscaphe-watches-paris.com\/fr\/wp-json\/wp\/v2\/comments?post=21700"}],"version-history":[{"count":33,"href":"https:\/\/www.horloscaphe-watches-paris.com\/fr\/wp-json\/wp\/v2\/pages\/21700\/revisions"}],"predecessor-version":[{"id":22560,"href":"https:\/\/www.horloscaphe-watches-paris.com\/fr\/wp-json\/wp\/v2\/pages\/21700\/revisions\/22560"}],"wp:attachment":[{"href":"https:\/\/www.horloscaphe-watches-paris.com\/fr\/wp-json\/wp\/v2\/media?parent=21700"}],"curies":[{"name":"wp","href":"https:\/\/api.w.org\/{rel}","templated":true}]}}